 {"id":61,"date":"2011-11-10T06:12:29","date_gmt":"2011-11-10T05:12:29","guid":{"rendered":"http:\/\/lab.edouardsufrin.com\/?page_id=61"},"modified":"2011-11-10T06:12:29","modified_gmt":"2011-11-10T05:12:29","slug":"a-propos","status":"publish","type":"page","link":"https:\/\/lab.edouardsufrin.com\/en\/a-propos\/","title":{"rendered":"A Propos"},"content":{"rendered":"<p>&nbsp;<\/p>\n<p>&nbsp;<\/p>\n<p><a href=\"http:\/\/lab.edouardsufrin.com\/files\/2011\/11\/589px-Amphitheatrum_sapientiae_aeternae_-_Alchemists_Laboratory.jpg\"><img loading=\"lazy\" decoding=\"async\" class=\"alignnone size-full wp-image-73\" title=\"589px-Amphitheatrum_sapientiae_aeternae_-_Alchemist's_Laboratory\" src=\"http:\/\/lab.edouardsufrin.com\/files\/2011\/11\/589px-Amphitheatrum_sapientiae_aeternae_-_Alchemists_Laboratory.jpg\" alt=\"\" width=\"300\" height=\"305\" \/><\/a><\/p>\n<p>Laboratoire:<\/p>\n<p>1620 \u00ab lieu o\u00f9, dans une pharmacie, on pr\u00e9pare les rem\u00e8des \u00bb ;<\/p>\n<p>1727 \u00ab atelier o\u00f9 on travaille \u00e0 des ouvrages manuels \u00bb ;<\/p>\n<p>1757 \u00ab partie du fourneau \u00e0 r\u00e9verb\u00e8re o\u00f9 l&#8217;on met la mati\u00e8re sur laquelle doit agir le combustible \u00bb ;<\/p>\n<p>1765 \u00ab cabinet de travail d&#8217;un homme de lettre \u00bb .<\/p>\n<p>&nbsp;<\/p>\n<p>&nbsp;<\/p>\n<p><a title=\"Centre National de Ressources Textuelles et Lexicales\" href=\"http:\/\/www.cnrtl.fr\" target=\"_blank\">Centre National de Ressources Textuelles et Lexicales<\/a><\/p>\n<p>&nbsp;<\/p>\n<p>&nbsp;<\/p>\n<p>* Le laboratoire de l&#8217;alchimiste, <a title=\"Hans Vredeman de Vries\" href=\"http:\/\/fr.wikipedia.org\/wiki\/Hans_Vredeman_de_Vries\" target=\"_blank\">Hans Vredeman de Vries<\/a>, 1595.<\/p>\n<p>&nbsp;<\/p>\n","protected":false},"excerpt":{"rendered":"<p>&nbsp; &nbsp; Laboratoire: 1620 \u00ab lieu o\u00f9, dans une pharmacie, on pr\u00e9pare les rem\u00e8des \u00bb ; 1727 \u00ab atelier o\u00f9 on travaille \u00e0 des ouvrages manuels \u00bb ; 1757 \u00ab partie du fourneau \u00e0 r\u00e9verb\u00e8re o\u00f9 l&#8217;on met la mati\u00e8re sur laquelle doit agir le combustible \u00bb ; 1765 \u00ab cabinet de travail d&#8217;un homme [&hellip;]<\/p>\n","protected":false},"author":2,"featured_media":0,"parent":0,"menu_order":0,"comment_status":"open","ping_status":"open","template":"","meta":{"footnotes":""},"class_list":["post-61","page","type-page","status-publish","hentry"],"_links":{"self":[{"href":"https:\/\/lab.edouardsufrin.com\/en\/wp-json\/wp\/v2\/pages\/61","targetHints":{"allow":["GET"]}}],"collection":[{"href":"https:\/\/lab.edouardsufrin.com\/en\/wp-json\/wp\/v2\/pages"}],"about":[{"href":"https:\/\/lab.edouardsufrin.com\/en\/wp-json\/wp\/v2\/types\/page"}],"author":[{"embeddable":true,"href":"https:\/\/lab.edouardsufrin.com\/en\/wp-json\/wp\/v2\/users\/2"}],"replies":[{"embeddable":true,"href":"https:\/\/lab.edouardsufrin.com\/en\/wp-json\/wp\/v2\/comments?post=61"}],"version-history":[{"count":0,"href":"https:\/\/lab.edouardsufrin.com\/en\/wp-json\/wp\/v2\/pages\/61\/revisions"}],"wp:attachment":[{"href":"https:\/\/lab.edouardsufrin.com\/en\/wp-json\/wp\/v2\/media?parent=61"}],"curies":[{"name":"wp","href":"https:\/\/api.w.org\/{rel}","templated":true}]}}